{"id":684,"date":"2022-11-26T21:33:28","date_gmt":"2022-11-26T20:33:28","guid":{"rendered":"https:\/\/christian-ohrens.de\/wordpress\/?page_id=684"},"modified":"2022-11-26T21:33:28","modified_gmt":"2022-11-26T20:33:28","slug":"startseite","status":"publish","type":"page","link":"https:\/\/christian-ohrens.de\/wordpress\/","title":{"rendered":"Startseite"},"content":{"rendered":"<h1>Herzlich Willkommen!<\/h1>\n<p>Ob eher per Zufall durch Google oder ganz gezielt &#8211; sch\u00f6n, dass du dich hier her verirrt hast! \ud83d\ude09<\/p>\n<p>Auf diesen Seiten stelle ich mich und meine diversen Interessen und Projekte vor &#8211; denn wenn es etwas gibt, dass mir v\u00f6llig fremd ist, dann ist es definitiv Langeweile!<\/p>\n<p>Ich bin geburtsblinder, freier Journalist, Web-, Foto- und Videoblogger, Retrogamer, Radio-Redakteur und -Moderator, DJ, G\u00e4stef\u00fchrer, Musiker. Einige dieser Projekte, Hobbys und Interessen verfolge ich schon l\u00e4nger, andere habe ich erst seit kurzer Zeit f\u00fcr mich entdeckt.<\/p>\n<p><a href=\"https:\/\/christian-ohrens.de\/wordpress\/ueber-mich\/\">Hier gibt es eine Kurzvorstellung<\/a>, in der du ein wenig \u00fcber meinen bisherigen Werdegang erfahren kannst. In meinem <a href=\"https:\/\/christian-ohrens.de\/wordpress\/eine-seite\/\">Blog<\/a> geht es u. A. um die Teilhabe blinder Menschen, um den Umgang der Gesellschaft mit uns, aber auch um weitere Themen wie das Reisen, meine Erfahrungsberichte mit Freizeitparks und Kirmesveranstaltungen  usw.<\/p>\n<p>Ein bereits seit einigen Jahren betriebenes Hobby ist das Fotografieren, die bisherigen Ergebnisse kannst du dir in den <a href=\"https:\/\/christian-ohrens.de\/wordpress\/meine-bilder-und-videos\/\">Bildergalerien<\/a> anschauen; dort gibt es auch einen ausf\u00fchrlichen Text dar\u00fcber, wie ich als Blinder \u00fcberhaupt zu diesem Hobby gekommen bin. Meine Videos sind in meinem <a href=\"https:\/\/www.youtube.com\/c\/christianohrens\/videos\/\" target=\"_blank\" rel=\"noopener\">YouTube Kanal<\/a> zu finden.<\/p>\n<p>Du m\u00f6chtest mich als DJ f\u00fcr deine Party oder Veranstaltung buchen? <a href=\"https:\/\/www.dj-christian-ohrens.com\/\" target=\"_blank\" rel=\"noopener\">Dann geht es hier weiter zur DJ-Seite!<\/a><\/p>\n<p>Du hast Lust, Hamburg einmal aus der Perspektive eines blinden Menschen zu erleben? <a href=\"https:\/\/blind-durch-hamburg.de\/\" target=\"_blank\" rel=\"noopener\">Dann solltest du dich bei &#8218;Blind durch Hamburg&#8216; einmal umschauen bzw. es ausprobieren!<\/a><\/p>\n<p>Meine Musik findest du z. B. bei <a href=\"https:\/\/music.amazon.de\/artists\/B0B4HLR3CJ\/accessible-mind\" target=\"_blank\" rel=\"noopener\">Amazon Music<\/a>, <a href=\"https:\/\/open.spotify.com\/artist\/6mBkK2I1RzcM4NM9RU7HTG\" target=\"_blank\" rel=\"noopener\">Spotify<\/a>, <a href=\"https:\/\/music.apple.com\/sr\/artist\/accessible-mind\/1630657054\" target=\"_blank\" rel=\"noopener\">Apple Music<\/a>, <a href=\"https:\/\/www.soundcloud.com\/christianohrens\/\" target=\"_blank\" rel=\"noopener\">Sound Cloud<\/a> und bei weiteren Streaming-Plattformen und Music Download Stores. Meine (privaten) DJ Sets sowie Radio Shows findest du auf meinem <a href=\"https:\/\/www.mixcloud.com\/christianohrens\" target=\"_blank\" rel=\"noopener\">MixCloud Kanal<\/a>.<\/p>\n<p>Du m\u00f6chtest Kontakt zu mir aufnehmen, <a href=\"https:\/\/christian-ohrens.de\/wordpress\/kontakt-und-impressum\/\">hier geht es weiter!<\/a><\/p>\n<iframe src=\"http:\/\/www.facebook.com\/plugins\/like.php?href=https%3A%2F%2Fchristian-ohrens.de%2Fwordpress%2F&amp;layout=standard&amp;show_faces=true&amp;width=450&amp;action=like&amp;colorscheme=light\" scrolling=\"no\" frameborder=\"0\" allowTransparency=\"true\" style=\"border:none; overflow:hidden; width:450px;margin-top:5px;\"><\/iframe>","protected":false},"excerpt":{"rendered":"<p>Herzlich Willkommen! Ob eher per Zufall durch Google oder ganz gezielt &#8211; sch\u00f6n, dass du dich hier her verirrt hast! \ud83d\ude09 Auf diesen Seiten stelle ich mich und meine diversen Interessen und Projekte vor &#8211; denn wenn es etwas gibt, dass mir v\u00f6llig fremd ist, dann ist es definitiv Langeweile! Ich bin geburtsblinder, freier Journalist, [&hellip;]<\/p>\n","protected":false},"author":1,"featured_media":0,"parent":0,"menu_order":0,"comment_status":"closed","ping_status":"closed","template":"","meta":{"h5ap_radio_sources":[],"footnotes":""},"class_list":["post-684","page","type-page","status-publish","hentry"],"_links":{"self":[{"href":"https:\/\/christian-ohrens.de\/wordpress\/wp-json\/wp\/v2\/pages\/684","targetHints":{"allow":["GET"]}}],"collection":[{"href":"https:\/\/christian-ohrens.de\/wordpress\/wp-json\/wp\/v2\/pages"}],"about":[{"href":"https:\/\/christian-ohrens.de\/wordpress\/wp-json\/wp\/v2\/types\/page"}],"author":[{"embeddable":true,"href":"https:\/\/christian-ohrens.de\/wordpress\/wp-json\/wp\/v2\/users\/1"}],"replies":[{"embeddable":true,"href":"https:\/\/christian-ohrens.de\/wordpress\/wp-json\/wp\/v2\/comments?post=684"}],"version-history":[{"count":1,"href":"https:\/\/christian-ohrens.de\/wordpress\/wp-json\/wp\/v2\/pages\/684\/revisions"}],"predecessor-version":[{"id":685,"href":"https:\/\/christian-ohrens.de\/wordpress\/wp-json\/wp\/v2\/pages\/684\/revisions\/685"}],"wp:attachment":[{"href":"https:\/\/christian-ohrens.de\/wordpress\/wp-json\/wp\/v2\/media?parent=684"}],"curies":[{"name":"wp","href":"https:\/\/api.w.org\/{rel}","templated":true}]}}