{"id":702,"date":"2026-02-14T00:05:41","date_gmt":"2026-02-13T23:05:41","guid":{"rendered":"https:\/\/christian-ohrens.de\/wordpress\/?page_id=702"},"modified":"2026-02-16T10:45:21","modified_gmt":"2026-02-16T09:45:21","slug":"blind-retro-gaming-area","status":"publish","type":"page","link":"https:\/\/christian-ohrens.de\/wordpress\/blind-retro-gaming-area\/","title":{"rendered":"Blind (Retro) Gaming Area"},"content":{"rendered":"<p><strong>Willkommen in meiner Blind (Retro) Gaming Area!<\/strong><\/p>\n<p>Wer meine Aktivit\u00e4ten z. B. auf <a href=\"https:\/\/www.youtube.com\/c\/christianohrens\/\" target=\"_blanc\">YouTube<\/a> verfolgt, wird dabei unweigerlihc auf meine diversen sog. &#8222;Blind Playthroughs&#8220; gesto\u00dfen sein.<\/p>\n<p>Seit meiner Kindheit bin ich passionierter und (immer noch) begeisterter Retrogamer. Warum das, trotz aktueller, f\u00fcr blinde Gamer besser zug\u00e4nglicher Spiele, immer noch ist, erfahrt Ihr <a href=\"https:\/\/christian-ohrens.de\/wordpress\/2019\/12\/20\/noch-drei-spruenge-bis-zum-abgrund-warum-und-wie-ich-als-blinder-spielkonsolen-nutze\/\">in diesem Blogartikel<\/a>.<\/p>\n<p>Auf dieser Seite findet Ihr Men\u00fc\u00fcbersichten und Kurzanleitungen zu diversen Retro- sowie moderneren Sidescroller-Games. Die jeweiligen Konsolen, auf denen die Spiele jeweils erschienen sind, stehen dort ebenfalls gelistet. Des weiteren sind hier die Spiel\u00fcbersichten diverser Minikonsolen (wie dem NES Classic Mini) zu finden.<\/p>\n<p>Den Gro\u00dfteil dieser Men\u00fcanleitungen habe ich Dank sehender Unterst\u00fctzung erstellt, Teile davon auch mit technischer Unterst\u00fctzung von KI. Egal ob Mensch oder Maschine, keiner ist unfehlbar! Daher \u00fcbernehme ich keine Gew\u00e4hr auf Vollst\u00e4ndigkeit oder Richtigkeit. Solltet Ihr auf ein fehlerhaftes Men\u00fc sto\u00dfen, lasst es mich gerne wissen.<\/p>\n<p>Alle Men\u00fcstrukturen stehen Euch als .TXT-Datei zur Verf\u00fcgung. Einfach Rechtsklick auf den Spielenamen, &#8222;Ziel speichern unter&#8230;&#8220; w\u00e4hlen und auf Eurem PC oder Smartphone sichern, ansonsten \u00f6ffnet sich die Datei direkt im Browser.<\/p>\n<p><strong>Alle Dateien stehen Euch kostenlos zur Verf\u00fcgung! Wenn Ihr jedoch m\u00f6gt, k\u00f6nnt Ihr mich und meine Arbeit <a href=\"https:\/\/buymeacoffee.com\/blindretrogamer\">HIER UNTERST\u00dcTZEN!<\/a><\/strong><\/p>\n<h3>Spielmen\u00fcs und -Strukturen<\/h3>\n<table border=\"0\">\n<thead>\n<tr>\n<th>Spieltitel<\/th>\n<th>System<\/th>\n<th>Genre<\/th>\n<th>Anmerkung<\/th>\n<\/tr>\n<\/thead>\n<tbody>\n<tr>\n<td><a href=\"https:\/\/christian-ohrens.de\/projekt\/gamemenues\/aladdin-snes.txt\">Aladdin<\/a><\/td>\n<td>Super Nintendo (SNES)<\/td>\n<td>Jump And Run<\/td>\n<td><\/td>\n<\/tr>\n<tr>\n<td><a href=\"https:\/\/christian-ohrens.de\/projekt\/gamemenues\/aof-snes.txt\">Art Of Fighting<\/a><\/td>\n<td>Super Nintendo (SNES)<\/td>\n<td>Beat &#8218;em Up | Fighting<\/td>\n<td>Erschien auch auf anderen Konsolen, ob die Men\u00fcstruktur hier jedoch gleich ist, kann ich aktuell (noch) nicht sagen.<\/td>\n<\/tr>\n<tr>\n<td><a href=\"https:\/\/christian-ohrens.de\/projekt\/gamemenues\/asterixundobelix-snes.txt\">jAsterix &#038; Obelix<\/a><\/td>\n<td>Super Nintendo (SNES)<\/td>\n<td>Jump and Run mit Action-Elementen<\/td>\n<td><\/td>\n<\/tr>\n<tr>\n<td><a href=\"https:\/\/christian-ohrens.de\/projekt\/gamemenues\/axelay-snes.txt\">Axelay<\/a><\/td>\n<td>Super Nintendo (SNES)<\/td>\n<td>Shoot &#8218;em Up<\/td>\n<td><\/td>\n<\/tr>\n<tr>\n<td><a href=\"https:\/\/christian-ohrens.de\/projekt\/gamemenues\/bat4-psx.txt\">Battle Arena Toshinden 4<\/a><\/td>\n<td>Sony PS1<\/td>\n<td>Beat &#8218;em Up | Fighting<\/td>\n<td><\/td>\n<\/tr>\n<tr>\n<td><a href=\"https:\/\/christian-ohrens.de\/projekt\/gamemenues\/battlebakraid-arcade.txt\">Battle Bakraid<\/a><\/td>\n<td>Arcade<\/td>\n<td>Shoot &#8218;em Up<\/td>\n<td>Lediglich als Platine f\u00fcr den Spielautomaten erschienen.<\/td>\n<\/tr>\n<tr>\n<td><a href=\"https:\/\/christian-ohrens.de\/projekt\/gamemenues\/biometal-snes.txt\">Bio Metal<\/a><\/td>\n<td>Super Nintendo (SNES)<\/td>\n<td>Shoot &#8218;em Up<\/td>\n<td><\/td>\n<\/tr>\n<tr>\n<td><a href=\"https:\/\/christian-ohrens.de\/projekt\/gamemenues\/blodyroar2-psx.txt\">Bloody Roar 2<\/a><\/td>\n<td>Sony Playstation 1 (PS1)<\/td>\n<td>Beat &#8218;em Up | Fighting<\/td>\n<td><\/td>\n<\/tr>\n<tr>\n<td><a href=\"https:\/\/christian-ohrens.de\/projekt\/gamemenues\/Captain Commando (SNES).txt\">Captain Commando<\/a><\/td>\n<td>Super Nintendo (SNES)<\/td>\n<td>Beat &#8218;em Up | Brawler | Hack and Slash<\/td>\n<td><\/td>\n<\/tr>\n<tr>\n<td><a href=\"https:\/\/christian-ohrens.de\/projekt\/gamemenues\/captainamerica-snes.txt\">Captain America<\/a><\/td>\n<td>Super Nintendo (SNES)<\/td>\n<td>Beat &#8218;em Up | Brawler | Hack and Slash<\/td>\n<td>Erschien auch f\u00fcr weitere Systeme.<\/td>\n<\/tr>\n<tr>\n<td><a href=\"https:\/\/christian-ohrens.de\/projekt\/gamemenues\/cardinalsyn-psx.txt\">Cardinal Syn<\/a><\/td>\n<td>Sony Playstation 1<\/td>\n<td>Beat &#8218;em Up | Fighting<\/td>\n<td><\/td>\n<\/tr>\n<tr>\n<td><a href=\"https:\/\/christian-ohrens.de\/projekt\/gamemenues\/clayfighter-snes.txt\">Clay Fighter<\/a><\/td>\n<td>Super Nintendo (SNES)<\/td>\n<td>Beat &#8218;em Up | Fighting<\/td>\n<td><\/td>\n<\/tr>\n<tr>\n<td><a href=\"https:\/\/christian-ohrens.de\/projekt\/gamemenues\/clayfighter2-snes.txt\">Clay Fighter 2<\/a><\/td>\n<td>Super Nintendo (SNES)<\/td>\n<td>Beat &#8218;em Up | Fighting<\/td>\n<td><\/td>\n<\/tr>\n<tr>\n<td><a href=\"https:\/\/christian-ohrens.de\/projekt\/gamemenues\/colinmcrae2005-ps2.txt\">Colin McRae Racing 2005<\/a><\/td>\n<td>Sony Playstation 2 (PS2)<\/td>\n<td>Racing | Rally<\/td>\n<td>Sehr umfangreiches Men\u00fc, zuschaltbarer, sprechender Kopilot.<\/td>\n<\/tr>\n<tr>\n<td><a href=\"https:\/\/christian-ohrens.de\/projekt\/gamemenues\/contra-snes.txt\">Contra 3<\/a><\/td>\n<td>Super Nintendo (SNES)<\/td>\n<td>Action | Shoot &#8218;em Up | Run and Gun<\/td>\n<td><\/td>\n<\/tr>\n<tr>\n<td><a href=\"https:\/\/christian-ohrens.de\/projekt\/gamemenues\/dariustwin-snes.txt\">Darius Twin<\/a><\/td>\n<td>Super Nintendo (SNES)<\/td>\n<td>Shoot &#8218;em Up<\/td>\n<td>Erschien auch f\u00fcr weitere Systeme z. B. PC Engine.<\/td>\n<\/tr>\n<tr>\n<td><a href=\"https:\/\/christian-ohrens.de\/projekt\/gamemenues\/darkstalkers3-psx.txt\">Dark Stalkers 3<\/a><\/td>\n<td>Sony Playstation 1 (PS1)<\/td>\n<td>Beat &#8218;em Up | Fighting<\/td>\n<td><\/td>\n<\/tr>\n<tr>\n<td><a href=\"https:\/\/christian-ohrens.de\/projekt\/gamemenues\/dd5-snes.txt\">Double Dragon V: The Shadow Falls<\/a><\/td>\n<td>Super Nintendo (SNES)<\/td>\n<td>Beat &#8218;em Up | Fighting<\/td>\n<td>Anders als das Original, handelt es sich hier um ein klassisches 1:1 Fighting-Game.<\/td>\n<\/tr>\n<tr>\n<td><a href=\"https:\/\/christian-ohrens.de\/projekt\/gamemenues\/deadoralive2-ps2.txt\">Dead Or Alive 2<\/a><\/td>\n<td>Sony Playstation 2 (PS2)<\/td>\n<td>Beat &#8218;em Up | Fighting<\/td>\n<td><\/td>\n<\/tr>\n<tr>\n<td><a href=\"https:\/\/christian-ohrens.de\/projekt\/gamemenues\/dinocity-snes.txt\">Dino City<\/a><\/td>\n<td>Super Nintendo (SNES)<\/td>\n<td>Jump and Run<\/td>\n<td><\/td>\n<\/tr>\n<tr>\n<td><a href=\"https:\/\/christian-ohrens.de\/projekt\/gamemenues\/dragonballfinalbout-psx.txt\">DargonBall: Final Bout<\/a><\/td>\n<td>Sony Playstation 1 (PS1)<\/td>\n<td>Beat &#8218;em Up | Fighting<\/td>\n<td>Erschien auch f\u00fcr weitere Systeme.<\/td>\n<\/tr>\n<tr>\n<td><a href=\"https:\/\/christian-ohrens.de\/projekt\/gamemenues\/fatalfury2-snes.txt\">Fatal Fury 2<\/a><\/td>\n<td>Super Nintendo (SNES)<\/td>\n<td>Beat &#8218;em Up | Fighting<\/td>\n<td>Auch f\u00fcr den NeoGeo oder als Automaten-Version erschienen.<\/td>\n<\/tr>\n<tr>\n<td><a href=\"https:\/\/christian-ohrens.de\/projekt\/gamemenues\/finalfight2-snes.txt\">Final Fight 2<\/a><\/td>\n<td>Super Nintendo (SNES)<\/td>\n<td>Beat &#8218;em Up | Brawler | Hack and Slash<\/td>\n<td><\/td>\n<\/tr>\n<tr>\n<td><a href=\"https:\/\/christian-ohrens.de\/projekt\/gamemenues\/finalfight3.txt\">jFinal Fight 3<\/a><\/td>\n<td>Super Nintendo (SNES)<\/td>\n<td>Beat &#8218;em Up | Brawler | Hack and Slash<\/td>\n<td><\/td>\n<\/tr>\n<tr>\n<td><a href=\"https:\/\/christian-ohrens.de\/projekt\/gamemenues\/theflinnstonessierramadrock-snes.txt\">The Flinn Stones in Sierra Madrock<\/a><\/td>\n<td>Super Nintendo (SNES)<\/td>\n<td>Action | Abenteuer | Jump and Run<\/td>\n<td><\/td>\n<\/tr>\n<tr>\n<td><a href=\"https:\/\/christian-ohrens.de\/projekt\/gamemenues\/flipnic-ps2.txt\">Flipnic<\/a><\/td>\n<td>Sony Playstation 2 (PS2)<\/td>\n<td>Pinball | Flipperautomat<\/td>\n<td><\/td>\n<\/tr>\n<tr>\n<td><a href=\"https:\/\/christian-ohrens.de\/projekt\/gamemenues\/gradius3-snes.txt\">Gradius 3<\/a><\/td>\n<td>Super Nintendo (SNES)<\/td>\n<td>Shoot &#8218;em Up<\/td>\n<td>Erschien z. B. auch als Automaten-Variante oder als Teil von &#8222;Gradius Origins&#8220;.<\/td>\n<\/tr>\n<tr>\n<td><a href=\"https:\/\/christian-ohrens.de\/projekt\/gamemenues\/Gradius3+4-ps2.txt\">Gradius 3 +4<\/a><\/td>\n<td>Sony Playstation 2 (PS2)<\/td>\n<td>Shoot &#8218;em Up<\/td>\n<td><\/td>\n<\/tr>\n<tr>\n<td><a href=\"https:\/\/christian-ohrens.de\/projekt\/gamemenues\/hugo-psx.txt\">Hugo<\/a><\/td>\n<td>Sony Playstation 1 (PS1)<\/td>\n<td>Action | Abenteuer | Geschicklichkeit | Jump and Run<\/td>\n<td><\/td>\n<\/tr>\n<tr>\n<td><a href=\"https:\/\/christian-ohrens.de\/projekt\/gamemenues\/hugo2-psx.txt\">Hugo 2<\/a><\/td>\n<td>Sony Playstation 1 (PS1)<\/td>\n<td>Action | Abenteuer | Geschicklichkeit | Jump and Run<\/td>\n<td><\/td>\n<\/tr>\n<tr>\n<td><a href=\"https:\/\/christian-ohrens.de\/projekt\/gamemenues\/kensei-psx.txt\">Kensei<\/a><\/td>\n<td>Sony Playstation 1 (PS1)<\/td>\n<td>Beat &#8218;em Up | Fighting<\/td>\n<td><\/td>\n<\/tr>\n<tr>\n<td><a href=\"https:\/\/christian-ohrens.de\/projekt\/gamemenues\/kof 95-ngpsx.txt\">The King Of Fighters &#8217;95<\/a><\/td>\n<td>Sony Playstation 1 (PS1)<\/td>\n<td>Beat &#8218;em Up | Fighting<\/td>\n<td>Erschien auch f\u00fcr den NeoGeo bzw. als Automaten-Variante.<\/td>\n<\/tr>\n<tr>\n<td><a href=\"https:\/\/christian-ohrens.de\/projekt\/gamemenues\/kof99-ng.txt\">The King Of Fighters &#8217;99<\/a><\/td>\n<td>NeoGeo<\/td>\n<td>Beat &#8218;em Up | Fighting<\/td>\n<td><\/td>\n<\/tr>\n<tr>\n<td><a href=\"https:\/\/christian-ohrens.de\/projekt\/gamemenues\/kof20002001-ps2.txt\">The King Of Fighters 2000-2001<\/a><\/td>\n<td>Sony Playlstation 2 (PS2)<\/td>\n<td>Beat &#8218;em Up | Fighting<\/td>\n<td>Erschien auch f\u00fcr den NeoGeo.<\/td>\n<\/tr>\n<tr>\n<td><a href=\"https:\/\/christian-ohrens.de\/projekt\/gamemenues\/legend-ps1.txt\">Legend<\/a><\/td>\n<td>Sony Playstation 1 (PS1)<\/td>\n<td>Beat &#8218;em Up | Brawler | Hack and Slash<\/td>\n<td><\/td>\n<\/tr>\n<tr>\n<td><a href=\"https:\/\/christian-ohrens.de\/projekt\/gamemenues\/macross-snes.txt\">Macross<\/a><\/td>\n<td>Super Nintendo (SNES)<\/td>\n<td>Shoot &#8218;em Up<\/td>\n<td><\/td>\n<\/tr>\n<tr>\n<td><a href=\"https:\/\/christian-ohrens.de\/projekt\/gamemenues\/megamanx2-snes.txt\">Mega Man X2<\/a><\/td>\n<td>Super Nintendo (SNES)<\/td>\n<td>Action | Jump and Run<\/td>\n<td><\/td>\n<\/tr>\n<tr>\n<td><a href=\"https:\/\/christian-ohrens.de\/projekt\/gamemenues\/mickeygreatcircus-snes.txt\">Mickey&#8217;s Great Circus<\/a><\/td>\n<td>Super Nintendo (SNES)<\/td>\n<td>Jump and Run<\/td>\n<td><\/td>\n<\/tr>\n<tr>\n<td><a href=\"https:\/\/christian-ohrens.de\/projekt\/gamemenues\/mickeymagicalquest-snes.txt\">Mickey&#8217;s Magical Quest<\/a><\/td>\n<td>Super Nintendo (SNES)<\/td>\n<td>Jump and Run<\/td>\n<td><\/td>\n<\/tr>\n<tr>\n<td><a href=\"https:\/\/christian-ohrens.de\/projekt\/gamemenues\/mickeymania-snes.txt\">Mickey Mania<\/a><\/td>\n<td>Super Nintendo (SNES)<\/td>\n<td>Jump and Run<\/td>\n<td><\/td>\n<\/tr>\n<tr>\n<td><a href=\"https:\/\/christian-ohrens.de\/projekt\/gamemenues\/mickeymousewildadventure-psx.txt\">Micke Mouse Wild Adventure<\/a><\/td>\n<td>Sony Playstation 1 (PS1)<\/td>\n<td>Jump and Run<\/td>\n<td><\/td>\n<\/tr>\n<tr>\n<td><a href=\"https:\/\/christian-ohrens.de\/projekt\/gamemenues\/powerrangersthemovie-snes.txt\">Mighty Morphin&#8216; Power Rangers &#8211; The Movie<\/a><\/td>\n<td>Super Nintendo (SNES)<\/td>\n<td>Action | Beat &#8218;em up | Brawler | Hack and Slash<\/td>\n<td><\/td>\n<\/tr>\n<tr>\n<td><a href=\"https:\/\/christian-ohrens.de\/projekt\/gamemenues\/mk3-psx.txt\">Mortal Kombat 3<\/a><\/td>\n<td>Sony Playstation 1 (PS1)<\/td>\n<td>Beat &#8218;em Up | Fighting<\/td>\n<td>Die Men\u00fcstruktur des SNES-Spiels ist ebenfalls vorhanden.<\/td>\n<\/tr>\n<tr>\n<td><a href=\"https:\/\/christian-ohrens.de\/projekt\/gamemenues\/mk3-snes.txt\">Mortal Kombat<\/a><\/td>\n<td>Super Nintendo (SNES)<\/td>\n<td>Beat &#8218;em Up | Fighting<\/td>\n<td><\/td>\n<\/tr>\n<tr>\n<td><a href=\"https:\/\/christian-ohrens.de\/projekt\/gamemenues\/mrnutz-snes.txt\">Mr. Nutz<\/a><\/td>\n<td>Super Nintendo (SNES)<\/td>\n<td>Jump and Run<\/td>\n<td>Wurde auch auf andere Systeme, teils jedoch in anderen Versionen portiert.<\/td>\n<\/tr>\n<tr>\n<td><a href=\"https:\/\/christian-ohrens.de\/projekt\/gamemenuesparodius-snes.txt\">Parodius<\/a><\/td>\n<td>Super Nintendo (SNES)<\/td>\n<td>Shoot &#8218;em Up | Cute &#8218;em Up<\/td>\n<td>Erschien auch als &#8222;Parodius DA&#8220; oder &#8222;Nonsense Fantasy&#8220;. Es existieren Ports f\u00fcr PC Engine, Gameboy oder auch Spielautomaten. Durch Cheats kann man unbesiegbar werden und so das Spiel komplett blind durchspielen, <a href=\"https:\/\/gamefaqs.gamespot.com\/snes\/588560-parodius-da\/cheats\" target=\"_blanc\">Cheats findet Ihr hier!<\/a><\/td>\n<\/tr>\n<tr>\n<td><a href=\"https:\/\/christian-ohrens.de\/wordpress\/gamemenues\/parodius-psx.txt\">Parodius<\/a><\/td>\n<td>Sony Playstation 1 (PS1)<\/td>\n<td>Shoot &#8218;em Up | Cute &#8218;em Up<\/td>\n<td>PSX-Port des bekannten Titels f\u00fcr Automat, SNES o.\u00c4., die Cheats f\u00fcr SNES funktionieren hier leider nicht!<\/td>\n<\/tr>\n<tr>\n<td><a href=\"https:\/\/christian-ohrens.de\/projekt\/gamemenues\/parodiusgokujo-snes.txt\">Gokujo Parodius<\/a><\/td>\n<td>Super Nintendo (SNES)<\/td>\n<td>Shoot &#8218;em Up | Cute &#8218;em Up<\/td>\n<td>Weiterer Teil aus der Parodius-Reihe. Tipp zum besseren Spielen: In den Optionen &#8222;Rest&#8220; auf 9, &#8222;Game Level&#8220; auf 1, &#8222;Roulette&#8220; auf Off sowie &#8222;Revival&#8220; auf On stellen. Gerade &#8222;Revival&#8220; ist hilfreich, da man beim Abschuss das jeweilige Level nicht von vorne beginnt sondern direkt dort weiterspielt bis zum Game Over.<\/td>\n<\/tr>\n<tr>\n<td><a href=\"https:\/\/christian-ohrens.de\/projekt\/gamemenues\/parodiusjikkyouoshaberi-snes.txt\">Jikkyou Oshaberi Parodius<\/a><\/td>\n<td>Super Nintendo (SNES)<\/td>\n<td>Shoot &#8218;em Up | Cute &#8218;em Up<\/td>\n<td>Erschien auch als &#8222;Parodius: Forever With Me&#8220;. Auch f\u00fcr dieses Spiel existieren funktionierende Cheats, <a href=\"https:\/\/gamefaqs.gamespot.com\/snes\/562931-jikkyou-oshaberi-parodius\/cheats\" target=\"_blanc\">hier geht es weiter!<\/a><\/td>\n<\/tr>\n<tr>\n<td><a href=\"https:\/\/christian-ohrens.de\/projekt\/gamemenues\/phalanx-snes.txt\">Phalanx<\/a><\/td>\n<td>Super Nintendo (SNES)<\/td>\n<td>Shoot &#8218;em Up<\/td>\n<td>Es existieren weitere Ports z. B. f\u00fcr GB\/GBA.<\/td>\n<\/tr>\n<tr>\n<td><a href=\"https:\/\/christian-ohrens.de\/projekt\/gamemenues\/pinballclassics-ps2.txt\">Pinball Classics<\/a><\/td>\n<td>Sony Playstation 2 (PS2)<\/td>\n<td>Pinball | Flipperautomat<\/td>\n<td><\/td>\n<\/tr>\n<tr>\n<td><a href=\"https:\/\/christian-ohrens.de\/projekt\/gamemenues\/pinballhalloffame-ps2.txt\">Pinnball &#8211; Hall Of Fame<\/a><\/td>\n<td>Sony Playstation 2 (PS2)<\/td>\n<td>Pinball | Flipperautomat<\/td>\n<td><\/td>\n<\/tr>\n<tr>\n<td><a href=\"https:\/\/christian-ohrens.de\/projekt\/gamemenues\/popntwinbee-snes.txt\">Pop &#8218;N&#8216; Twin Bee<\/a><\/td>\n<td>Super Nintendo (SNES)<\/td>\n<td>Shoot &#8218;em Up | Cute &#8218;em Up<\/td>\n<td>Gab es auch auf weiteren Systemen wie dem GameBoy. Es existieren Cheatcodes, mit dem man z. B. im &#8222;Unbesiegbar&#8220;-Modus das Spiel auch blind komplett durchspielen kann, <a href=\"https:\/\/gamefaqs.gamespot.com\/snes\/581816-popn-twinbee\/cheats\" target=\"_blanc\">hier geht&#8217;s weiter!<\/a><\/td>\n<\/tr>\n<tr>\n<td><a href=\"https:\/\/christian-ohrens.de\/projekt\/gamemenues\/snkvssf-ps2.txt\">SNK vs. Street Fighter<\/a><\/td>\n<td>Sony Playstation 2 (PS2)<\/td>\n<td>Beat &#8218;em Up | Fighting<\/td>\n<td><\/td>\n<\/tr>\n<tr>\n<td><a href=\"https:\/\/christian-ohrens.de\/projekt\/gamemenues\/soulblade-psx.txt\">Soul Blade<\/a><\/td>\n<td>Sony Playstation 1 (PS1)<\/td>\n<td>Beat &#8218;em Up | Fighting<\/td>\n<td><\/td>\n<\/tr>\n<tr>\n<td><a href=\"https:\/\/christian-ohrens.de\/projekt\/gamemenues\/soulcalibur-ps2.txt\">Soul Calibur 2<\/a><\/td>\n<td>Sony Playstation 2 (PS2)<\/td>\n<td>Beat &#8218;em Up | Fighting<\/td>\n<td><\/td>\n<\/tr>\n<tr>\n<td><a href=\"https:\/\/christian-ohrens.de\/projekt\/gamemenues\/soulcalibur3-ps2.txt\">Soul Calibur 3<\/a><\/td>\n<td>Sony Playstation 2 (PS2)<\/td>\n<td>Beat &#8218;em Up | Fighting<\/td>\n<td>Provided by YouTuber RSN8887<\/td>\n<\/tr>\n<tr>\n<td><a href=\"https:\/\/christian-ohrens.de\/projekt\/gamemenues\/sfa3-psx.txt\">Street Fighter Alpha 3<\/a><\/td>\n<td>Sony Playstation 1 (PS1)<\/td>\n<td>Beat &#8218;em Up  | Fighting<\/td>\n<td>In Japan als &#8222;Zero 3&#8220;, auch als GBA-Port oder Automatenspiel vorhanden.<\/td>\n<\/tr>\n<tr>\n<td><a href=\"sfexplusalpha-psx.txt\">Street Fighter Ex plus Alpha<\/a><\/td>\n<td>Sony Playstation 1 (PS1)<\/td>\n<td>Beat &#8218;em Up | Fighting<\/td>\n<td><\/td>\n<\/tr>\n<tr>\n<td><a href=\"https:\/\/christian-ohrens.de\/projekt\/gamemenues\/sf6-pc.txt\">Street Fighter 6<\/a><\/td>\n<td>PC | Steam | Xbox | PS5<\/td>\n<td>Beat &#8218;em Up | Fighting<\/td>\n<td>Men\u00fc anhand der PC-Version erstellt, achtung sehr umfangreich, man navigiert sowohl mit dem Steuerkreuz als auch den Schultertasten durch die Men\u00fcs, eine kurze Men\u00fc\u00fcbersicht und -Anleitung findet Ihr <a href=\"https:\/\/www.youtube.com\/watch?v=rBmtwukCXSI\" target=\"_blanc\">in diesem Review von mir!<\/a><\/td>\n<\/tr>\n<tr>\n<td><a href=\"https:\/\/christian-ohrens.de\/projekt\/supercastlevania4-snes.txt\">Super CastleVania IV<\/a><\/td>\n<td>Super Nintendo (SNES)<\/td>\n<td>Action | Abenteuer | Beat &#8218;em Up | Hack and Slash<\/td>\n<td><\/td>\n<\/tr>\n<tr>\n<td><a href=\"https:\/\/christian-ohrens.de\/projekt\/gamemenues\/superrtype-snes.txt\">Super R-Type<\/a><\/td>\n<td>Super Nintendo (SNES)<\/td>\n<td>Shoot &#8218;em Up<\/td>\n<td><\/td>\n<\/tr>\n<tr>\n<td><a href=\"https:\/\/christian-ohrens.de\/projekt\/gamemenues\/Super Star Wars (SNES).txt\">Super Star Wars<\/a><\/td>\n<td>Super Nintendo (SNES)<\/td>\n<td>Action | Beat &#8218;em Up | Hack and Slash<\/td>\n<td><\/td>\n<\/tr>\n<tr>\n<td><a href=\"https:\/\/christian-ohrens.de\/projekt\/gamemenues\/superstarwarsreturnoftheyeti-snes.txt\">Super Star Wars &#8211; The Return Of The Yeti<\/a><\/td>\n<td>Super Nintendo (SNES)<\/td>\n<td>Action | Abenteuer | Beat &#8218;em Up<\/td>\n<td><\/td>\n<\/tr>\n<tr>\n<td><a href=\"https:\/\/christian-ohrens.de\/projekt\/gamemenues\/superstarwarstheempirestrikesback-snes.txt\">Super Star Wars &#8211; The Empire Strikes Back<\/a><\/td>\n<td>Super Nintendo (SNES)<\/td>\n<td>Action | Abenteuer | Shoot &#8218;em Up<\/td>\n<td><\/td>\n<\/tr>\n<tr>\n<td><a href=\"https:\/\/christian-ohrens.de\/projekt\/gamemenues\/ssf2-snes.txt\">Super Street Fighter 2<\/a><\/td>\n<td>Super Nintendo (SNES)<\/td>\n<td>Beat &#8218;em Up | Fighting<\/td>\n<td>Spiel erschien auch auf anderen Konsolen.<\/td>\n<\/tr>\n<tr>\n<td><a href=\"https:\/\/christian-ohrens.de\/projekt\/gamemenues\/tmnt4-snes.txt\">Teenage Mutant Ninja Turtles IV: Turtles In Time<\/a><\/td>\n<td>Super Nintendo (SNES)<\/td>\n<td>Action | Beat &#8218;em Up | Brawler | Hack and Slash<\/td>\n<td>Verwirrenderweise existiert auch ein 4. Turtles-Teil f\u00fcr den GameBoy, dieser hat mit &#8222;Turtles in Time&#8220; jedoch nichts zu tun. Es gibt jedoch eine Variante f\u00fcr den Spielautomaten sowie f\u00fcr den Sega Megadrive.<\/td>\n<\/tr>\n<tr>\n<td><a href=\"https:\/\/christian-ohrens.de\/projekt\/gamemenues\/tmntshreddersrevenge-pc.txt\">Teenage Mutant Ninja Turtles: Shredder&#8217;s Revenge<\/a><\/td>\n<td>PC | Steam | Xbox?<\/td>\n<td>Action | Beat &#8218;em Up | Brawler | Hack and Slash<\/td>\n<td><\/td>\n<\/tr>\n<tr>\n<td>True Pinball<\/td>\n<td>Sony Playstation 1 (PS1)<\/td>\n<td>Pinball | Flipperautomat<\/td>\n<td>Hat eine gesprochene Men\u00fcf\u00fchrung!<\/td>\n<\/tr>\n<tr>\n<td><a href=\"https:\/\/christian-ohrens.de\/projekt\/gamemenues\/unsquadron-snes.txt\">UN Squadron<\/a><\/td>\n<td>Super Nintendo (SNES)<\/td>\n<td>Shoot &#8218;em Up<\/td>\n<td><\/td>\n<\/tr>\n<tr>\n<td><a href=\"https:\/\/christian-ohrens.de\/projekt\/gamemenues\/virtuafighter4-ps2.txt\">Virtua Fighter 4<\/a><\/td>\n<td>Sony Playstation 2 (PS2)<\/td>\n<td>Beat &#8218;em Up | Fighting<\/td>\n<td><\/td>\n<\/tr>\n<tr>\n<td><a href=\"https:\/\/christian-ohrens.de\/projekt\/gamemenues\/vrally1-psx.txt\">VRally<\/a><\/td>\n<td>Sony Playstation 1 (PS1)<\/td>\n<td>Racing | Rally<\/td>\n<td>Zuschaltbarer, sprechender Kopilot<\/td>\n<\/tr>\n<tr>\n<td><a href=\"https:\/\/christian-ohrens.de\/projekt\/gamemenues\/vrally2-psx.txt\">VRally 2<\/a><\/td>\n<td>Sony Playstation 1 (PS1)<\/td>\n<td>Racing | Rally<\/td>\n<td>Zuschaltbarer, sprechender Kopilot.<\/td>\n<\/tr>\n<tr>\n<td><a href=\"https:\/\/christian-ohrens.de\/projekt\/gamemenues\/werwirdmillionaer3-ps2.txt\">Wer Wird Million\u00e4r 3<\/a><\/td>\n<td>Sony Playstation 2 (PS2)<\/td>\n<td>Quiz | Showsimulation<\/td>\n<td><\/td>\n<\/tr>\n<tr>\n<td><a href=\"https:\/\/christian-ohrens.de\/projekt\/gamemenues\/tekken3-psx.txt\">Tekken 3<\/a><\/td>\n<td>Sony Playstation 1 (PS1)<\/td>\n<td>Beat &#8218;em Up | Fighting<\/td>\n<td>Erschien auch als Port f\u00fcr den GBA<\/td>\n<\/tr>\n<tr>\n<td><a href=\"https:\/\/christian-ohrens.de\/projekt\/gamemenues\/tekken4-ps2.txt\">Tekken 4<\/a><\/td>\n<td>Sony Playstation 2 (PS2)<\/td>\n<td>Beat &#8218;em Up | Fighting<\/td>\n<\/tr>\n<tr>\n<td><a href=\"https:\/\/christian-ohrens.de\/projekt\/gamemenues\/tekkentekktournament-ps2.txt\">Tekken Tekk Tournament<\/a><\/td>\n<td>Sony Playstation 2 (PS2)<\/td>\n<td><\/td>\n<\/tr>\n<\/tbody>\n<\/table>\n<h3>Spiele\u00fcbersichten Minikonsolen<\/h3>\n<ul>\n<li><a href=\"https:\/\/christian-ohrens.de\/projekt\/gamemenues\/milleniumarcademaster.txt\">Der Millenium Arcade Master<\/a> ist ein kleines Handheld, auf dem einige bekannte Titel aus dem Sega-Universum zu finden sind.<\/li>\n<li><a href=\"https:\/\/christian-ohrens.de\/projekt\/gamemenues\/neogeomini.txt\">Der NeoGeo Mini<\/a> ist ein lizenzierter Nachbau eines klassischen Spielautomaten im Miniformat, auf dem sich viele bekannte SNK-Spieleklassiker befinden. Ein Gamepad im NeoGeo-Style ist separat erh\u00e4ltlich.<\/li>\n<li><a href=\"https:\/\/christian-ohrens.de\/projekt\/gamemenues\/nesclassicmini.txt\">NES Classic Mini<\/a> aus dem Hause Nintendo mit vielen bekannten Klassikern.<\/li>\n<li><a href=\"https:\/\/christian-ohrens.de\/projekt\/gamemenues\/pcenginemini.txt\">PC-Engine Mini<\/a> h\u00e4lt auch viele tolle Klassiker parat, eine wahre Fundgrube f\u00fcr alle, die Shoot &#8218;em Ups m\u00f6gen.<\/li>\n<li><a href=\"https:\/\/christian-ohrens.de\/projekt\/gamemenues\/segamegadrivemini.txt\">Sega Megadrive Mini<\/a>, nat\u00fcrlich mit Sonic &#038; co!<\/li>\n<li><a href=\"https:\/\/christian-ohrens.de\/projekt\/gamemenues\/snesmini.txt\">SNES Classic Mini<\/a>, das Pendant zum NES Mini, mit Mario, Donkey Kong, Metroid &#038; co!<\/li>\n<\/ul>\n<iframe src=\"http:\/\/www.facebook.com\/plugins\/like.php?href=https%3A%2F%2Fchristian-ohrens.de%2Fwordpress%2Fblind-retro-gaming-area%2F&amp;layout=standard&amp;show_faces=true&amp;width=450&amp;action=like&amp;colorscheme=light\" scrolling=\"no\" frameborder=\"0\" allowTransparency=\"true\" style=\"border:none; overflow:hidden; width:450px;margin-top:5px;\"><\/iframe>","protected":false},"excerpt":{"rendered":"<p>Willkommen in meiner Blind (Retro) Gaming Area! Wer meine Aktivit\u00e4ten z. B. auf YouTube verfolgt, wird dabei unweigerlihc auf meine diversen sog. &#8222;Blind Playthroughs&#8220; gesto\u00dfen sein. Seit meiner Kindheit bin ich passionierter und (immer noch) begeisterter Retrogamer. Warum das, trotz aktueller, f\u00fcr blinde Gamer besser zug\u00e4nglicher Spiele, immer noch ist, erfahrt Ihr in diesem Blogartikel. [&hellip;]<\/p>\n","protected":false},"author":1,"featured_media":0,"parent":0,"menu_order":0,"comment_status":"closed","ping_status":"closed","template":"","meta":{"h5ap_radio_sources":[],"footnotes":""},"class_list":["post-702","page","type-page","status-publish","hentry"],"_links":{"self":[{"href":"https:\/\/christian-ohrens.de\/wordpress\/wp-json\/wp\/v2\/pages\/702","targetHints":{"allow":["GET"]}}],"collection":[{"href":"https:\/\/christian-ohrens.de\/wordpress\/wp-json\/wp\/v2\/pages"}],"about":[{"href":"https:\/\/christian-ohrens.de\/wordpress\/wp-json\/wp\/v2\/types\/page"}],"author":[{"embeddable":true,"href":"https:\/\/christian-ohrens.de\/wordpress\/wp-json\/wp\/v2\/users\/1"}],"replies":[{"embeddable":true,"href":"https:\/\/christian-ohrens.de\/wordpress\/wp-json\/wp\/v2\/comments?post=702"}],"version-history":[{"count":5,"href":"https:\/\/christian-ohrens.de\/wordpress\/wp-json\/wp\/v2\/pages\/702\/revisions"}],"predecessor-version":[{"id":709,"href":"https:\/\/christian-ohrens.de\/wordpress\/wp-json\/wp\/v2\/pages\/702\/revisions\/709"}],"wp:attachment":[{"href":"https:\/\/christian-ohrens.de\/wordpress\/wp-json\/wp\/v2\/media?parent=702"}],"curies":[{"name":"wp","href":"https:\/\/api.w.org\/{rel}","templated":true}]}}